{"id":650,"date":"2018-11-27T15:07:12","date_gmt":"2018-11-27T14:07:12","guid":{"rendered":"http:\/\/www.arfat.il.pw.edu.pl\/?page_id=650"},"modified":"2018-11-27T15:16:10","modified_gmt":"2018-11-27T14:16:10","slug":"io6-filmy-instruktazowe-arfat","status":"publish","type":"page","link":"https:\/\/www.arfat.il.pw.edu.pl\/index.php\/pl\/io6-filmy-instruktazowe-arfat\/","title":{"rendered":"IO6: Filmy instrukta\u017cowe ARFAT"},"content":{"rendered":"<p><a href=\"https:\/\/www.youtube.com\/channel\/UC2YMqGWjbi3UIzDfK6KTw7A\" target=\"_blank\" rel=\"noopener\">Filmy w wersji angielskiej, hiszpa\u0144skiej, niemieckiej i polskiej s\u0105 dost\u0119pne na kanale YouTube projektu (link).<\/a><br \/>\n&nbsp;<\/p>\n<p><iframe loading=\"lazy\" src=\"https:\/\/www.youtube.com\/embed\/ojKBL_088ag\" allowfullscreen=\"allowfullscreen\" width=\"560\" height=\"315\" frameborder=\"0\"><\/iframe><\/p>\n<p>&nbsp;<\/p>\n<p><iframe loading=\"lazy\" src=\"https:\/\/www.youtube.com\/embed\/bMLiBNe---Y\" allowfullscreen=\"allowfullscreen\" width=\"560\" height=\"315\" frameborder=\"0\"><\/iframe><\/p>\n<p>&nbsp;<\/p>\n<p><iframe loading=\"lazy\" src=\"https:\/\/www.youtube.com\/embed\/sVvgu7wQtC4\" allowfullscreen=\"allowfullscreen\" width=\"560\" height=\"315\" frameborder=\"0\"><\/iframe><\/p>\n<p>&nbsp;<\/p>\n","protected":false},"excerpt":{"rendered":"<p>Filmy w wersji angielskiej, hiszpa\u0144skiej, niemieckiej i polskiej s\u0105 dost\u0119pne na kanale YouTube projektu (link). &nbsp; &nbsp; &nbsp; &nbsp;<\/p>\n","protected":false},"author":1,"featured_media":0,"parent":0,"menu_order":0,"comment_status":"closed","ping_status":"closed","template":"","meta":{"ngg_post_thumbnail":0,"footnotes":""},"class_list":["post-650","page","type-page","status-publish","hentry"],"_links":{"self":[{"href":"https:\/\/www.arfat.il.pw.edu.pl\/index.php\/wp-json\/wp\/v2\/pages\/650","targetHints":{"allow":["GET"]}}],"collection":[{"href":"https:\/\/www.arfat.il.pw.edu.pl\/index.php\/wp-json\/wp\/v2\/pages"}],"about":[{"href":"https:\/\/www.arfat.il.pw.edu.pl\/index.php\/wp-json\/wp\/v2\/types\/page"}],"author":[{"embeddable":true,"href":"https:\/\/www.arfat.il.pw.edu.pl\/index.php\/wp-json\/wp\/v2\/users\/1"}],"replies":[{"embeddable":true,"href":"https:\/\/www.arfat.il.pw.edu.pl\/index.php\/wp-json\/wp\/v2\/comments?post=650"}],"version-history":[{"count":3,"href":"https:\/\/www.arfat.il.pw.edu.pl\/index.php\/wp-json\/wp\/v2\/pages\/650\/revisions"}],"predecessor-version":[{"id":673,"href":"https:\/\/www.arfat.il.pw.edu.pl\/index.php\/wp-json\/wp\/v2\/pages\/650\/revisions\/673"}],"wp:attachment":[{"href":"https:\/\/www.arfat.il.pw.edu.pl\/index.php\/wp-json\/wp\/v2\/media?parent=650"}],"curies":[{"name":"wp","href":"https:\/\/api.w.org\/{rel}","templated":true}]}}