{"id":634,"date":"2018-11-27T15:05:28","date_gmt":"2018-11-27T14:05:28","guid":{"rendered":"http:\/\/www.arfat.il.pw.edu.pl\/?page_id=634"},"modified":"2018-12-06T15:30:49","modified_gmt":"2018-12-06T14:30:49","slug":"io2-system-szkoleniowy-arfat","status":"publish","type":"page","link":"https:\/\/www.arfat.il.pw.edu.pl\/index.php\/pl\/io2-system-szkoleniowy-arfat\/","title":{"rendered":"IO2: System szkoleniowy ARFAT"},"content":{"rendered":"<p><img loading=\"lazy\" decoding=\"async\" class=\"alignnone size-full wp-image-711\" src=\"http:\/\/www.arfat.il.pw.edu.pl\/wp-content\/uploads\/2018\/11\/ARFAT-TS-PL.png\" alt=\"\" width=\"637\" height=\"205\" srcset=\"https:\/\/www.arfat.il.pw.edu.pl\/wp-content\/uploads\/2018\/11\/ARFAT-TS-PL.png 637w, https:\/\/www.arfat.il.pw.edu.pl\/wp-content\/uploads\/2018\/11\/ARFAT-TS-PL-300x97.png 300w\" sizes=\"auto, (max-width: 637px) 100vw, 637px\" \/><\/p>\n<p><a href=\"http:\/\/www.arfat.il.pw.edu.pl\/wp-content\/uploads\/2018\/11\/ARFATtrainingSystem-Przewodnik.pdf\" target=\"_blank\" rel=\"noopener\">System szkoleniowy ARFAT &#8211; Przewodnik &#8211; polska wersja j\u0119zykowa<\/a><\/p>\n<p>&nbsp;<\/p>\n<p>Przewodniki s\u0105 dost\u0119pne r\u00f3wnie\u017c w innych wersjach j\u0119zykowych.<\/p>\n<p><a href=\"http:\/\/www.arfat.il.pw.edu.pl\/wp-content\/uploads\/2018\/11\/ARFATtrainingSystem-Guide.pdf\" target=\"_blank\" rel=\"noopener\">Angielska wersja j\u0119zykowa<\/a><\/p>\n<p><a href=\"http:\/\/www.arfat.il.pw.edu.pl\/wp-content\/uploads\/2018\/11\/ARFAT_Training_Guide_ES.pdf\" target=\"_blank\" rel=\"noopener\">Hiszpa\u0144ska wersja j\u0119zykowa<\/a><\/p>\n<p><a href=\"http:\/\/www.arfat.il.pw.edu.pl\/wp-content\/uploads\/2018\/12\/ARFATtrainingSystem-Leitfaden.pdf\" target=\"_blank\" rel=\"noopener\">Niemiecka wersja j\u0119zykowa<\/a><\/p>\n","protected":false},"excerpt":{"rendered":"<p>System szkoleniowy ARFAT &#8211; Przewodnik &#8211; polska wersja j\u0119zykowa &nbsp; Przewodniki s\u0105 dost\u0119pne r\u00f3wnie\u017c w innych wersjach j\u0119zykowych. Angielska wersja j\u0119zykowa Hiszpa\u0144ska wersja j\u0119zykowa Niemiecka wersja j\u0119zykowa<\/p>\n","protected":false},"author":1,"featured_media":0,"parent":0,"menu_order":0,"comment_status":"closed","ping_status":"closed","template":"","meta":{"ngg_post_thumbnail":0,"footnotes":""},"class_list":["post-634","page","type-page","status-publish","hentry"],"_links":{"self":[{"href":"https:\/\/www.arfat.il.pw.edu.pl\/index.php\/wp-json\/wp\/v2\/pages\/634","targetHints":{"allow":["GET"]}}],"collection":[{"href":"https:\/\/www.arfat.il.pw.edu.pl\/index.php\/wp-json\/wp\/v2\/pages"}],"about":[{"href":"https:\/\/www.arfat.il.pw.edu.pl\/index.php\/wp-json\/wp\/v2\/types\/page"}],"author":[{"embeddable":true,"href":"https:\/\/www.arfat.il.pw.edu.pl\/index.php\/wp-json\/wp\/v2\/users\/1"}],"replies":[{"embeddable":true,"href":"https:\/\/www.arfat.il.pw.edu.pl\/index.php\/wp-json\/wp\/v2\/comments?post=634"}],"version-history":[{"count":5,"href":"https:\/\/www.arfat.il.pw.edu.pl\/index.php\/wp-json\/wp\/v2\/pages\/634\/revisions"}],"predecessor-version":[{"id":791,"href":"https:\/\/www.arfat.il.pw.edu.pl\/index.php\/wp-json\/wp\/v2\/pages\/634\/revisions\/791"}],"wp:attachment":[{"href":"https:\/\/www.arfat.il.pw.edu.pl\/index.php\/wp-json\/wp\/v2\/media?parent=634"}],"curies":[{"name":"wp","href":"https:\/\/api.w.org\/{rel}","templated":true}]}}