{"id":14,"date":"2016-11-22T17:09:32","date_gmt":"2016-11-22T16:09:32","guid":{"rendered":"http:\/\/www.arfat.il.pw.edu.pl\/?page_id=14"},"modified":"2018-11-27T16:30:50","modified_gmt":"2018-11-27T15:30:50","slug":"o-projekcie","status":"publish","type":"page","link":"https:\/\/www.arfat.il.pw.edu.pl\/index.php\/pl\/o-projekcie\/","title":{"rendered":"O projekcie"},"content":{"rendered":"<p>Upadki z wysoko\u015bci s\u0105 jedn\u0105 z najcz\u0119stszych przyczyn wypadk\u00f3w (w tym \u015bmiertelnych) w Polsce, a tak\u017ce na terenie Unii Europejskiej. \u017bycie ludzkie jest bezcenne, dlatego istnieje olbrzymia potrzeba podnoszenia poziomu BHP. Problem ten zosta\u0142 podniesiony w europejskiej dyrektywie 2001\/45\/EC, kt\u00f3ra zobowi\u0105zuje cz\u0142onk\u00f3w UE do podniesienia standard\u00f3w bezpiecze\u0144stwa pracy.<\/p>\n<p>Projekt ARFAT dotyczy\u0142 mi\u0119dzy innymi zasad BHP, poniewa\u017c jednym z jego cel\u00f3w by\u0142o ograniczenie wypadk\u00f3w na budowach. Wypadki te s\u0105 g\u0142\u00f3wnie spowodowane upadkami z wysoko\u015bci, szczeg\u00f3lnie podczas prac na rusztowaniach. Prace na wysoko\u015bci (np. zwi\u0105zane z deskowaniami i rusztowaniami) s\u0105 jednymi z najniebezpieczniejszych prac budowlanych, poniewa\u017c m.in. metody szkoleniowe nie s\u0105 wystarczaj\u0105ce. Jak pokazuj\u0105 badania, pracownicy nie s\u0105 zainteresowani klasycznymi metodami szkoleniowymi. Wykorzystanie urz\u0105dze\u0144 mobilnych (smartfon\u00f3w, tablet\u00f3w), nowoczesnej technologi AR i wspieraj\u0105cych plik\u00f3w multimedialnych sprawia, \u017ce szkolenie ARFAT jest interesuj\u0105ce i zapadaj\u0105ce w pami\u0119\u0107. Potrzeba projektu zosta\u0142a potwierdzona podczas realizacji poprzednika &#8211; <a href=\"http:\/\/www.arcw.il.pw.edu.pl\/\" target=\"_blank\" rel=\"noopener\">ARCW (Health and safety procedures for curtain walls with the use of Augmented Reality Technology).<br \/>\n<\/a>Szkolenie ARFAT jest dost\u0119pne dla wszystkich zainteresowanych, a jego innowacyjna forma znakomicie wpasowuje si\u0119 w wymagania ery digitalizacji.<\/p>\n<p><a href=\"http:\/\/www.arfat.il.pw.edu.pl\/index.php\/pl\/do-pobrania\/\">REZULTATY INTELEKTUALNE PROJEKTU:<\/a><\/p>\n<ul>\n<li><a href=\"http:\/\/www.arfat.il.pw.edu.pl\/index.php\/pl\/io1-potwierdzenie-wynikow-nauczania\/\">IO1: Potwierdzenie wynik\u00f3w nauczania.<\/a><\/li>\n<li><a href=\"http:\/\/www.arfat.il.pw.edu.pl\/index.php\/pl\/io2-system-szkoleniowy-arfat\/\">IO2: System szkoleniowy ARFAT.<\/a><\/li>\n<li><a href=\"http:\/\/www.arfat.il.pw.edu.pl\/index.php\/pl\/io3-podrecznik-arfat\/\">IO3: Podr\u0119cznik ARFAT.<\/a><\/li>\n<li><a href=\"http:\/\/www.arfat.il.pw.edu.pl\/index.php\/pl\/io4-aplikacja-arfat\/\">IO4: Aplikacja ARFAT na urz\u0105dzenia android OS i iOS.<\/a><\/li>\n<li><a href=\"http:\/\/www.arfat.il.pw.edu.pl\/index.php\/pl\/io5-markery-arfat-ar\/\">IO5: Markery ARFAT AR.<\/a><\/li>\n<li><a href=\"http:\/\/www.arfat.il.pw.edu.pl\/index.php\/pl\/io6-filmy-instruktazowe-arfat\/\">IO6: Filmy instrukta\u017cowe ARFAT.<\/a><\/li>\n<\/ul>\n<p>&nbsp;<\/p>\n","protected":false},"excerpt":{"rendered":"<p>Upadki z wysoko\u015bci s\u0105 jedn\u0105 z najcz\u0119stszych przyczyn wypadk\u00f3w (w tym \u015bmiertelnych) w Polsce, a tak\u017ce na terenie Unii Europejskiej. \u017bycie ludzkie jest bezcenne, dlatego istnieje olbrzymia potrzeba podnoszenia poziomu BHP. Problem ten zosta\u0142 podniesiony w europejskiej dyrektywie 2001\/45\/EC, kt\u00f3ra zobowi\u0105zuje cz\u0142onk\u00f3w UE do podniesienia standard\u00f3w bezpiecze\u0144stwa pracy. Projekt ARFAT dotyczy\u0142 mi\u0119dzy innymi zasad BHP, &hellip; <a href=\"https:\/\/www.arfat.il.pw.edu.pl\/index.php\/pl\/o-projekcie\/\" class=\"more-link\">Continue reading <span class=\"screen-reader-text\">O projekcie<\/span> <span class=\"meta-nav\">&rarr;<\/span><\/a><\/p>\n","protected":false},"author":1,"featured_media":0,"parent":0,"menu_order":0,"comment_status":"closed","ping_status":"closed","template":"","meta":{"ngg_post_thumbnail":0,"footnotes":""},"class_list":["post-14","page","type-page","status-publish","hentry"],"_links":{"self":[{"href":"https:\/\/www.arfat.il.pw.edu.pl\/index.php\/wp-json\/wp\/v2\/pages\/14","targetHints":{"allow":["GET"]}}],"collection":[{"href":"https:\/\/www.arfat.il.pw.edu.pl\/index.php\/wp-json\/wp\/v2\/pages"}],"about":[{"href":"https:\/\/www.arfat.il.pw.edu.pl\/index.php\/wp-json\/wp\/v2\/types\/page"}],"author":[{"embeddable":true,"href":"https:\/\/www.arfat.il.pw.edu.pl\/index.php\/wp-json\/wp\/v2\/users\/1"}],"replies":[{"embeddable":true,"href":"https:\/\/www.arfat.il.pw.edu.pl\/index.php\/wp-json\/wp\/v2\/comments?post=14"}],"version-history":[{"count":7,"href":"https:\/\/www.arfat.il.pw.edu.pl\/index.php\/wp-json\/wp\/v2\/pages\/14\/revisions"}],"predecessor-version":[{"id":730,"href":"https:\/\/www.arfat.il.pw.edu.pl\/index.php\/wp-json\/wp\/v2\/pages\/14\/revisions\/730"}],"wp:attachment":[{"href":"https:\/\/www.arfat.il.pw.edu.pl\/index.php\/wp-json\/wp\/v2\/media?parent=14"}],"curies":[{"name":"wp","href":"https:\/\/api.w.org\/{rel}","templated":true}]}}