{"id":134,"date":"2017-07-05T14:34:29","date_gmt":"2017-07-05T12:34:29","guid":{"rendered":"http:\/\/www.arfat.il.pw.edu.pl\/?page_id=134"},"modified":"2018-11-16T12:43:48","modified_gmt":"2018-11-16T11:43:48","slug":"ankieta","status":"publish","type":"page","link":"https:\/\/www.arfat.il.pw.edu.pl\/index.php\/pl\/ankieta\/","title":{"rendered":"Ankieta"},"content":{"rendered":"<p><iframe loading=\"lazy\" src=\"https:\/\/docs.google.com\/forms\/d\/e\/1FAIpQLSf3RSoPGnPGOoQA9nOEHrZRyzdN9Sqw-xieP-AGHaHCM1mU1g\/viewform?usp=sf_link\" marginwidth=\"0\" marginheight=\"0\" width=\"760\" height=\"3700\" frameborder=\"0\">\u0141aduj\u0119&#8230;<\/iframe><\/p>\n<p>Po przes\u0142aniu danych prosz\u0119 przej\u015b\u0107 na g\u00f3r\u0119 strony w celu upewnienia si\u0119, \u017ce dane zosta\u0142y wys\u0142ane.<br \/>\nDzi\u0119kujemy.<\/p>\n","protected":false},"excerpt":{"rendered":"<p>\u0141aduj\u0119&#8230; Po przes\u0142aniu danych prosz\u0119 przej\u015b\u0107 na g\u00f3r\u0119 strony w celu upewnienia si\u0119, \u017ce dane zosta\u0142y wys\u0142ane. Dzi\u0119kujemy.<\/p>\n","protected":false},"author":1,"featured_media":0,"parent":0,"menu_order":0,"comment_status":"closed","ping_status":"closed","template":"","meta":{"ngg_post_thumbnail":0,"footnotes":""},"class_list":["post-134","page","type-page","status-publish","hentry"],"_links":{"self":[{"href":"https:\/\/www.arfat.il.pw.edu.pl\/index.php\/wp-json\/wp\/v2\/pages\/134","targetHints":{"allow":["GET"]}}],"collection":[{"href":"https:\/\/www.arfat.il.pw.edu.pl\/index.php\/wp-json\/wp\/v2\/pages"}],"about":[{"href":"https:\/\/www.arfat.il.pw.edu.pl\/index.php\/wp-json\/wp\/v2\/types\/page"}],"author":[{"embeddable":true,"href":"https:\/\/www.arfat.il.pw.edu.pl\/index.php\/wp-json\/wp\/v2\/users\/1"}],"replies":[{"embeddable":true,"href":"https:\/\/www.arfat.il.pw.edu.pl\/index.php\/wp-json\/wp\/v2\/comments?post=134"}],"version-history":[{"count":13,"href":"https:\/\/www.arfat.il.pw.edu.pl\/index.php\/wp-json\/wp\/v2\/pages\/134\/revisions"}],"predecessor-version":[{"id":611,"href":"https:\/\/www.arfat.il.pw.edu.pl\/index.php\/wp-json\/wp\/v2\/pages\/134\/revisions\/611"}],"wp:attachment":[{"href":"https:\/\/www.arfat.il.pw.edu.pl\/index.php\/wp-json\/wp\/v2\/media?parent=134"}],"curies":[{"name":"wp","href":"https:\/\/api.w.org\/{rel}","templated":true}]}}